{"id":71,"date":"2019-01-14T21:49:15","date_gmt":"2019-01-14T20:49:15","guid":{"rendered":"http:\/\/www.catalinstan.ch\/wp\/?page_id=71"},"modified":"2019-03-15T15:18:27","modified_gmt":"2019-03-15T14:18:27","slug":"certificats","status":"publish","type":"page","link":"https:\/\/www.catalinstan.ch\/wp\/certificats\/","title":{"rendered":"Certificats"},"content":{"rendered":"\n<h1 class=\"wp-block-heading\">Dipl\u00f4mes et Certificats<\/h1>\n\n\n<ul>\n<li>Dipl\u00f4me de formation approfondie en gyn\u00e9cologie-obst\u00e9trique op\u00e9ratoire<\/li>\n<li>Certificat d\u2019aptitude technique FMH en ultrasonographie pr\u00e9natale<\/li>\n<li>Certificat d\u2019aptitude technique FMH en th\u00e9rapie laser Type 1 et Type 2<\/li>\n<\/ul>","protected":false},"excerpt":{"rendered":"<p>Dipl\u00f4mes et Certificats Dipl\u00f4me de formation approfondie en gyn\u00e9cologie-obst\u00e9trique op\u00e9ratoire Certificat d\u2019aptitude technique FMH en ultrasonographie pr\u00e9natale Certificat d\u2019aptitude technique FMH en th\u00e9rapie laser Type 1 et Type 2<\/p>\n","protected":false},"author":2,"featured_media":0,"parent":0,"menu_order":0,"comment_status":"closed","ping_status":"closed","template":"","meta":{"footnotes":""},"aioseo_notices":[],"_links":{"self":[{"href":"https:\/\/www.catalinstan.ch\/wp\/wp-json\/wp\/v2\/pages\/71"}],"collection":[{"href":"https:\/\/www.catalinstan.ch\/wp\/wp-json\/wp\/v2\/pages"}],"about":[{"href":"https:\/\/www.catalinstan.ch\/wp\/wp-json\/wp\/v2\/types\/page"}],"author":[{"embeddable":true,"href":"https:\/\/www.catalinstan.ch\/wp\/wp-json\/wp\/v2\/users\/2"}],"replies":[{"embeddable":true,"href":"https:\/\/www.catalinstan.ch\/wp\/wp-json\/wp\/v2\/comments?post=71"}],"version-history":[{"count":2,"href":"https:\/\/www.catalinstan.ch\/wp\/wp-json\/wp\/v2\/pages\/71\/revisions"}],"predecessor-version":[{"id":176,"href":"https:\/\/www.catalinstan.ch\/wp\/wp-json\/wp\/v2\/pages\/71\/revisions\/176"}],"wp:attachment":[{"href":"https:\/\/www.catalinstan.ch\/wp\/wp-json\/wp\/v2\/media?parent=71"}],"curies":[{"name":"wp","href":"https:\/\/api.w.org\/{rel}","templated":true}]}}