{"id":207,"date":"2019-01-16T16:09:18","date_gmt":"2019-01-16T15:09:18","guid":{"rendered":"http:\/\/www.catalinstan.ch\/wp\/?page_id=207"},"modified":"2024-03-05T18:38:44","modified_gmt":"2024-03-05T17:38:44","slug":"accueil","status":"publish","type":"page","link":"https:\/\/www.catalinstan.ch\/wp\/accueil\/","title":{"rendered":"Accueil"},"content":{"rendered":"\n<table style=\"border-style: hidden;\" border=\"0\">\n<tbody>\n<tr>\n<td style=\"border-style: none; width: 465.583px; vertical-align: top;\">\n<h2><strong>Dr\u00a0 Catalin STAN<\/strong><\/h2>\n<p>Avenue Vinet 16<br \/>1004 Lausanne<br \/>T\u00e9l : +41 21 648 55 40<br \/>Fax: +41 21 648 55 42<\/p>\n<!-- time table -->\n<table style=\"width: 84.4353%; border-style: none; background-color: #eeeeee;\">\n<tbody>\n<tr>\n<td style=\"width: 30.8917%; border-style: none; line-height: 10px;\"><strong>lundi<\/strong><\/td>\n<td style=\"width: 89.7327%; border-style: none; line-height: 10px;\">08h00 &#8211; 17h00<\/td>\n<\/tr>\n<tr>\n<td style=\"width: 30.8917%; border-style: none; line-height: 10px;\"><strong>mardi<\/strong><\/td>\n<td style=\"width: 89.7327%; border-style: none; line-height: 10px;\">08h00 &#8211; 12h00 \/ 14h00 &#8211; 18h00<\/td>\n<\/tr>\n<tr>\n<td style=\"width: 30.8917%; border-style: none; line-height: 10px;\"><strong>mercredi<\/strong><\/td>\n<td style=\"width: 89.7327%; border-style: none; line-height: 10px;\">08h00 &#8211; 12h00<\/td>\n<\/tr>\n<tr>\n<td style=\"width: 30.8917%; border-style: none; line-height: 10px;\"><strong>jeudi<\/strong><\/td>\n<td style=\"width: 89.7327%; border-style: none; line-height: 10px;\">08h00 &#8211; 16h00<\/td>\n<\/tr>\n<tr>\n<td style=\"width: 30.8917%; border-style: none; line-height: 10px;\"><strong>vendredi<\/strong><\/td>\n<td style=\"width: 89.7327%; border-style: none; line-height: 10px;\">08h00 &#8211; 12h00<\/td>\n<\/tr>\n<\/tbody>\n<\/table>\n<!-- time table --><\/td>\n<td style=\"width: 622.367px; border-style: none;\"><img decoding=\"async\" class=\"aligncenter wp-image-284\" src=\"https:\/\/www.catalinstan.ch\/wp\/wp-content\/uploads\/2019\/01\/dr_stan-1024x683.jpg\" alt=\"\" width=\"647\" srcset=\"https:\/\/www.catalinstan.ch\/wp\/wp-content\/uploads\/2019\/01\/dr_stan-1024x683.jpg 1024w, https:\/\/www.catalinstan.ch\/wp\/wp-content\/uploads\/2019\/01\/dr_stan-300x200.jpg 300w, https:\/\/www.catalinstan.ch\/wp\/wp-content\/uploads\/2019\/01\/dr_stan-768x512.jpg 768w\" sizes=\"(max-width: 1024px) 100vw, 1024px\" \/><\/td>\n<\/tr>\n<\/tbody>\n<\/table>\n<p>Nous vous accueillons dans votre langue\u00a0: fran\u00e7ais, anglais, allemand, roumain.<\/p>\n<p style=\"text-align: center;\">En cas d\u2019absence, veuillez vous r\u00e9f\u00e9rer \u00e0 la Centrale des M\u00e9decins <strong>0848 133 133<\/strong><\/p>\n","protected":false},"excerpt":{"rendered":"<p>Dr\u00a0 Catalin STAN Avenue Vinet 161004 LausanneT\u00e9l : +41 21 648 55 40Fax: +41 21 648 55 42 lundi 08h00 &#8211; 17h00 mardi 08h00 &#8211; 12h00 \/ 14h00 &#8211; 18h00 mercredi 08h00 &#8211; 12h00 jeudi 08h00 &#8211; 16h00 vendredi 08h00 &#8211; 12h00 Nous vous accueillons dans votre langue\u00a0: fran\u00e7ais, anglais, allemand, roumain. En cas d\u2019absence, &hellip;<\/p>\n<p class=\"read-more\"> <a class=\"\" href=\"https:\/\/www.catalinstan.ch\/wp\/accueil\/\"> <span class=\"screen-reader-text\">Accueil<\/span> Read More &raquo;<\/a><\/p>\n","protected":false},"author":2,"featured_media":0,"parent":0,"menu_order":0,"comment_status":"closed","ping_status":"closed","template":"","meta":{"footnotes":""},"aioseo_notices":[],"_links":{"self":[{"href":"https:\/\/www.catalinstan.ch\/wp\/wp-json\/wp\/v2\/pages\/207"}],"collection":[{"href":"https:\/\/www.catalinstan.ch\/wp\/wp-json\/wp\/v2\/pages"}],"about":[{"href":"https:\/\/www.catalinstan.ch\/wp\/wp-json\/wp\/v2\/types\/page"}],"author":[{"embeddable":true,"href":"https:\/\/www.catalinstan.ch\/wp\/wp-json\/wp\/v2\/users\/2"}],"replies":[{"embeddable":true,"href":"https:\/\/www.catalinstan.ch\/wp\/wp-json\/wp\/v2\/comments?post=207"}],"version-history":[{"count":35,"href":"https:\/\/www.catalinstan.ch\/wp\/wp-json\/wp\/v2\/pages\/207\/revisions"}],"predecessor-version":[{"id":459,"href":"https:\/\/www.catalinstan.ch\/wp\/wp-json\/wp\/v2\/pages\/207\/revisions\/459"}],"wp:attachment":[{"href":"https:\/\/www.catalinstan.ch\/wp\/wp-json\/wp\/v2\/media?parent=207"}],"curies":[{"name":"wp","href":"https:\/\/api.w.org\/{rel}","templated":true}]}}